{"id":9378,"date":"2021-03-14T15:53:45","date_gmt":"2021-03-14T15:53:45","guid":{"rendered":"https:\/\/mountbleu.hu\/?page_id=9378"},"modified":"2025-06-17T06:35:55","modified_gmt":"2025-06-17T06:35:55","slug":"palyazatok","status":"publish","type":"page","link":"https:\/\/mountbleu.hu\/en\/palyazatok\/","title":{"rendered":"Tenders"},"content":{"rendered":"<p>Dear Creditors!<\/p>\n\n\n\n<p>Hereby we want to inform you that the following applications and auctions are in progress at our company.<\/p>\n\n\n\n<p>If you have questions related to an application or an auction, please make it on the online interface of Electronic Sales System (https:\/\/eer.gov.hu) under the specific procedure.<a href=\"https:\/\/eer.sztfh.hu\/\">https:\/\/eer.sztfh.hu<\/a>) fel\u00fclet\u00e9n tegy\u00e9k fel az adott elj\u00e1r\u00e1sn\u00e1l.<\/p>\n\n\n\n<html>\n<head><\/head>\n\n<body onload=\"getData('https:\/\/rendszer.efoki.hu', 'EAAAADewzbER3H4xvY4v4BGoDE8Xe6sc7ncyYsTyqxP+O2Am', '6935e8d6-876c-4b4d-9a73-c83989c3ace8')\">\n\n<div id=\"divPublicAnnouncementList\"><\/div>\n\n<script>\n\nfunction getData(serverAddress, databaseNameEncrypted, companiesList) {\n\n\tvar xhttpRequest = new XMLHttpRequest();\n\t\n\txhttpRequest.onreadystatechange = function() {\n\t\t \n\t\tif (this.readyState == 4 && this.status == 200) {\n\t\t\t\n\t\t\t\tvar parsedJsonObject = JSON.parse(this.responseText);\n\t\t\t\t\n\t\t\t\tvar table = document.createElement(\"table\");\n\t\t\t\t\t\t\t\t\t\t\t\t\n\t\t\t\tfor (var i = 0; i < parsedJsonObject.length; i++) {\n\t\t\t\t\t\n\t\t\t\t\tfor (var j = 1; j < Object.values(parsedJsonObject[i]).length; j++) {\n\t\t\t\t\t\t\n\t\t\t\t\t\tswitch(j) {\n\t\t\t\t\t\t\tcase 1:\n\t\t\t\t\t\t\t\tvar tir = table.insertRow(-1);\n\t\t\t\t\t\t\t\tvar tableCell = tir.insertCell(-1);\n\t\t\t\t\t\t\t\ttableCell.innerHTML = \"<b><big>\"+Object.values(parsedJsonObject[i])[j]+\"<\/big><\/b>\";\n\t\t\t\t\t\t\t\tbreak;\n\t\t\t\t\t\t\tcase 2:\n\t\t\t\t\t\t\tcase 3:\n\t\t\t\t\t\t\t\tvar tir = table.insertRow(-1);\n\t\t\t\t\t\t\t\tvar tableCell = tir.insertCell(-1);\n\t\t\t\t\t\t\t\ttableCell.innerHTML = Object.values(parsedJsonObject[i])[j];\n\t\t\t\t\t\t\t\tbreak;\n\t\t\t\t\t\t\tcase 4:\n\t\t\t\t\t\t\t\tvar tir = table.insertRow(-1);\n\t\t\t\t\t\t\t\tvar tableCell = tir.insertCell(-1);\n\t\t\t\t\t\t\t\ttableCell.innerHTML = \"Kapcsol\u00f3d\u00f3 dokumentum(ok) let\u00f6lt\u00e9se:\";\n\t\t\t\t\t\t\t\t\n\t\t\t\t\t\t\t\tfor (var k = 0; k < Object.values(parsedJsonObject[i])[j].length; k++) {\n\t\t\t\t\t\t\t\t\tvar tir = table.insertRow(-1);\t\t\t\t\t\t\t\n\t\t\t\t\t\t\t\t\tvar tableCell = tir.insertCell(-1);\n\t\t\t\t\t\t\t\t\ttableCell.innerHTML = \"<a href=\\\"\"+Object.values(parsedJsonObject[i])[j][k]+\"\\\">\"+[k+1]+\". dokumentum<a>\";\t\t\t\t\t\t\t\t\t\n\t\t\t\t\t\t\t\t}\n\t\t\t\t\t\t\t\tbreak;\t\t\t\t\t\t\t\t\t\n\t\t\t\t\t\t\tcase 6:\n\t\t\t\t\t\t\t\tvar tir = table.insertRow(-1);\n\t\t\t\t\t\t\t\tvar tableCell = tir.insertCell(-1);\n\t\t\t\t\t\t\t\ttableCell.innerHTML = \"Kapcsol\u00f3d\u00f3 E\u00c9R link(ek):\";\n\t\t\t\t\t\t\t\t\n\t\t\t\t\t\t\t\tfor (var k = 0; k < Object.values(parsedJsonObject[i])[j].length; k++) {\n\t\t\t\t\t\t\t\t\tvar tir = table.insertRow(-1);\t\t\t\t\t\t\t\n\t\t\t\t\t\t\t\t\tvar tableCell = tir.insertCell(-1);\n\t\t\t\t\t\t\t\t\ttableCell.innerHTML = \"<a href=\\\"\"+Object.values(parsedJsonObject[i])[j][k]+\"\\\">\"+[k+1]+\". E\u00c9R link<a>\";\t\t\t\t\t\t\t\t\t\t\n\t\t\t\t\t\t\t\t}\n\t\t\t\t\t\t\t\tbreak;\n\t\t\t\t\t\t}\n\t\t\t\t\t\t\n\t\t\t\t\t}\n\n\t\t\t\t\tvar tir = table.insertRow(-1);\n\t\t\t\t\tvar tableCell = tir.insertCell(-1);\n\t\t\t\t\ttableCell.innerHTML = \"<hr>\";\n\t\t\t\t}\n\t\t\t\t\t\t\t\t\t\t\t\t\n\t\t\t\tvar divContainer = document.getElementById(\"divPublicAnnouncementList\");\n\t\t\t\tdivContainer.appendChild(table);\n\n\t\t}\n\t};\n\t\t\n\txhttpRequest.open(\"GET\", serverAddress + \"\/api\/publicannouncementlist\/GetAnnouncementData?databaseNameEncrypted=\" + encodeURIComponent(databaseNameEncrypted) + \"&companiesList=\" + encodeURIComponent(companiesList));\n\t\n\txhttpRequest.send();\n}\n\n<\/script>\n\n<\/body>\n<\/html>","protected":false},"excerpt":{"rendered":"<p>Tisztelt \u00c9rdekl\u0151d\u0151k! Ez\u00faton t\u00e1j\u00e9koztatjuk \u00d6n\u00f6ket, hogy t\u00e1rsas\u00e1gunkn\u00e1l az al\u00e1bbi p\u00e1ly\u00e1zatok \u00e9s \u00e1rver\u00e9sek vannak folyamatban. Amennyiben a p\u00e1ly\u00e1zatokkal vagy az \u00e1rver\u00e9sekkel kapcsolatosan k\u00e9rd\u00e9s\u00fck van, ez\u00faton k\u00e9rj\u00fck, hogy azt az Elektronikus \u00c9rt\u00e9kes\u00edt\u00e9si Rendszer (https:\/\/eer.sztfh.hu) fel\u00fclet\u00e9n tegy\u00e9k fel az adott elj\u00e1r\u00e1sn\u00e1l.<\/p>","protected":false},"author":1,"featured_media":0,"parent":0,"menu_order":6,"comment_status":"closed","ping_status":"closed","template":"","meta":{"_et_pb_use_builder":"off","_et_pb_old_content":"","_et_gb_content_width":"","footnotes":""},"class_list":["post-9378","page","type-page","status-publish","hentry"],"_links":{"self":[{"href":"https:\/\/mountbleu.hu\/en\/wp-json\/wp\/v2\/pages\/9378","targetHints":{"allow":["GET"]}}],"collection":[{"href":"https:\/\/mountbleu.hu\/en\/wp-json\/wp\/v2\/pages"}],"about":[{"href":"https:\/\/mountbleu.hu\/en\/wp-json\/wp\/v2\/types\/page"}],"author":[{"embeddable":true,"href":"https:\/\/mountbleu.hu\/en\/wp-json\/wp\/v2\/users\/1"}],"replies":[{"embeddable":true,"href":"https:\/\/mountbleu.hu\/en\/wp-json\/wp\/v2\/comments?post=9378"}],"version-history":[{"count":3,"href":"https:\/\/mountbleu.hu\/en\/wp-json\/wp\/v2\/pages\/9378\/revisions"}],"predecessor-version":[{"id":9557,"href":"https:\/\/mountbleu.hu\/en\/wp-json\/wp\/v2\/pages\/9378\/revisions\/9557"}],"wp:attachment":[{"href":"https:\/\/mountbleu.hu\/en\/wp-json\/wp\/v2\/media?parent=9378"}],"curies":[{"name":"wp","href":"https:\/\/api.w.org\/{rel}","templated":true}]}}