{"id":9239,"date":"2021-03-03T22:32:00","date_gmt":"2021-03-03T22:32:00","guid":{"rendered":"https:\/\/mountbleu.hu\/?page_id=9239"},"modified":"2021-03-14T16:36:23","modified_gmt":"2021-03-14T16:36:23","slug":"gyik","status":"publish","type":"page","link":"https:\/\/mountbleu.hu\/de\/gyik\/","title":{"rendered":"h\u00e4ufige Fragen und Antworten"},"content":{"rendered":"<p>[et_pb_section fb_built=&#8221;1&#8243; _builder_version=&#8221;4.5.1&#8243; background_image=&#8221;http:\/\/mountbleu.hu\/wp-content\/uploads\/2021\/02\/1920&#215;1080-blue.jpg&#8221; parallax=&#8221;on&#8221; parallax_method=&#8221;off&#8221; bottom_divider_style=&#8221;arrow2&#8243; bottom_divider_color=&#8221;#ffffff&#8221; bottom_divider_height_tablet=&#8221;&#8221; bottom_divider_height_phone=&#8221;63px&#8221; bottom_divider_height_last_edited=&#8221;on|phone&#8221;][et_pb_row _builder_version=&#8221;3.25&#8243; background_size=&#8221;initial&#8221; background_position=&#8221;top_left&#8221; background_repeat=&#8221;repeat&#8221; custom_padding=&#8221;50px|0px|60px|0px&#8221;][et_pb_column type=&#8221;4_4&#8243; _builder_version=&#8221;3.25&#8243; custom_padding=&#8221;|||&#8221; custom_padding__hover=&#8221;|||&#8221;][et_pb_text disabled_on=&#8221;on|on|off&#8221; _builder_version=&#8221;4.9.0&#8243; text_font=&#8221;|800||on|||||&#8221; text_text_color=&#8221;rgba(127,175,208,0.25)&#8221; text_font_size=&#8221;100px&#8221; header_font=&#8221;||||||||&#8221; text_orientation=&#8221;center&#8221; custom_margin=&#8221;||-7px|&#8221; animation_style=&#8221;zoom&#8221;]<\/p>\n<p>K\u00e9rd\u00e9sek<\/p>\n<p>[\/et_pb_text][et_pb_text _builder_version=&#8221;4.9.0&#8243; text_font=&#8221;||||||||&#8221; header_font=&#8221;||||||||&#8221; header_2_font=&#8221;|800|||||||&#8221; header_2_text_align=&#8221;center&#8221; header_2_text_color=&#8221;#ffffff&#8221; header_2_font_size=&#8221;60px&#8221; background_layout=&#8221;dark&#8221; custom_margin=&#8221;||20px|&#8221; animation_style=&#8221;slide&#8221; animation_direction=&#8221;bottom&#8221; header_2_font_size_tablet=&#8221;&#8221; header_2_font_size_phone=&#8221;30px&#8221; header_2_font_size_last_edited=&#8221;on|phone&#8221; header_2_text_shadow_style=&#8221;preset2&#8243; header_2_text_shadow_horizontal_length=&#8221;0em&#8221; header_2_text_shadow_vertical_length=&#8221;0.1em&#8221; header_2_text_shadow_blur_strength=&#8221;0.1em&#8221; header_2_text_shadow_color=&#8221;rgba(0,0,0,0.3)&#8221;]<\/p>\n<h2>h\u00e4ufige Fragen und Antworten<\/h2>\n<p>[\/et_pb_text][\/et_pb_column][\/et_pb_row][\/et_pb_section][et_pb_section fb_built=&#8221;1&#8243; custom_padding_last_edited=&#8221;on|phone&#8221; _builder_version=&#8221;3.22&#8243; background_color=&#8221;#ffffff&#8221; custom_padding=&#8221;100px|0px|280px|0px&#8221; custom_padding_tablet=&#8221;&#8221; custom_padding_phone=&#8221;||150px|&#8221; top_divider_color=&#8221;#f5f5f5&#8243; bottom_divider_style=&#8221;waves2&#8243; bottom_divider_color=&#8221;#1e5096&#8243; bottom_divider_height=&#8221;181px&#8221; bottom_divider_flip=&#8221;vertical&#8221; bottom_divider_height_tablet=&#8221;&#8221; bottom_divider_height_phone=&#8221;58px&#8221; bottom_divider_height_last_edited=&#8221;on|phone&#8221;][et_pb_row module_class=&#8221;custom_row_90 custom_faq&#8221; _builder_version=&#8221;3.25&#8243; width=&#8221;50%&#8221; max_width=&#8221;50%&#8221; custom_margin=&#8221;1px|||&#8221; custom_padding=&#8221;0|0px|0|0px|false|false&#8221; animation_style=&#8221;zoom&#8221; animation_direction=&#8221;bottom&#8221; animation_delay=&#8221;250ms&#8221; border_width_all=&#8221;1px&#8221; use_custom_width=&#8221;on&#8221; width_unit=&#8221;off&#8221; custom_width_percent=&#8221;50%&#8221;][et_pb_column type=&#8221;4_4&#8243; module_class=&#8221;custom_toggle_column&#8221; _builder_version=&#8221;3.25&#8243; custom_padding=&#8221;|||&#8221; custom_padding__hover=&#8221;|||&#8221;][et_pb_toggle title=&#8221;Regisztr\u00e1ci\u00f3s d\u00edj megfizet\u00e9se&#8221; open_toggle_background_color=&#8221;#ffffff&#8221; closed_toggle_background_color=&#8221;#ffffff&#8221; icon_color=&#8221;#1f3357&#8243; module_class=&#8221;custom_toggle&#8221; _builder_version=&#8221;4.9.0&#8243; title_text_color=&#8221;#1f3357&#8243; title_font=&#8221;||||||||&#8221; title_font_size=&#8221;20px&#8221; custom_margin=&#8221;||0px|&#8221; title_font_size_tablet=&#8221;&#8221; title_font_size_phone=&#8221;&#8221; title_font_size_last_edited=&#8221;on|desktop&#8221; border_width_all=&#8221;0px&#8221; border_width_bottom=&#8221;1px&#8221; border_color_bottom=&#8221;#6d6d6d&#8221;]<\/p>\n<p>A felsz\u00e1mol\u00e1si elj\u00e1r\u00e1sok sor\u00e1n az 1%-os &#8211; minimum 5.000 Ft \u00e9s maximum 200.000 Ft &#8211; regisztr\u00e1ci\u00f3s d\u00edj az al\u00e1bbi sz\u00e1ml\u00e1kra fizetend\u0151 a felsz\u00e1mol\u00e1s al\u00e1 ker\u00fclt c\u00e9g megnevez\u00e9s\u00e9vel \u00e9s a b\u00edr\u00f3s\u00e1gi \u00fcgysz\u00e1m felt\u0171ntet\u00e9s\u00e9vel.<\/p>\n<p>[\/et_pb_toggle][et_pb_toggle title=&#8221;Nyilv\u00e1ntart\u00e1sba v\u00e9teli d\u00edj cs\u0151delj\u00e1r\u00e1sokn\u00e1l&#8221; open_toggle_background_color=&#8221;#ffffff&#8221; closed_toggle_background_color=&#8221;#ffffff&#8221; icon_color=&#8221;#1f3357&#8243; module_class=&#8221;custom_toggle&#8221; _builder_version=&#8221;4.9.0&#8243; title_text_color=&#8221;#1f3357&#8243; title_font=&#8221;||||||||&#8221; title_font_size=&#8221;20px&#8221; custom_margin=&#8221;||0px|&#8221; title_font_size_tablet=&#8221;&#8221; title_font_size_phone=&#8221;&#8221; title_font_size_last_edited=&#8221;on|&#8221; border_width_all=&#8221;0px&#8221; border_width_bottom=&#8221;1px&#8221; border_color_bottom=&#8221;#6d6d6d&#8221;]<\/p>\n<p>Cs\u0151delj\u00e1r\u00e1s sor\u00e1n az 1%-os nyilv\u00e1ntart\u00e1sba v\u00e9teli d\u00edjat az al\u00e1bbi sz\u00e1mla sz\u00e1mra kell befizetni a cs\u0151delj\u00e1r\u00e1s al\u00e1 ker\u00fclt c\u00e9g \u00e9s a hitelez\u0151 nev\u00e9nek felt\u0171ntet\u00e9s\u00e9vel. Sz\u00e1mlasz\u00e1m:\u00a0<span>12042816-01730419-00100006 <\/span><\/p>\n<p>[\/et_pb_toggle][\/et_pb_column][\/et_pb_row][\/et_pb_section][et_pb_section fb_built=&#8221;1&#8243; _builder_version=&#8221;3.22&#8243; background_color=&#8221;#1e5096&#8243; custom_padding=&#8221;100px|0px|71px|0px&#8221;][et_pb_row _builder_version=&#8221;3.25&#8243; background_size=&#8221;initial&#8221; background_position=&#8221;top_left&#8221; background_repeat=&#8221;repeat&#8221; custom_padding=&#8221;0px|0px|27px|0px&#8221; animation_style=&#8221;zoom&#8221;][et_pb_column type=&#8221;4_4&#8243; _builder_version=&#8221;3.25&#8243; custom_padding=&#8221;|||&#8221; custom_padding__hover=&#8221;|||&#8221;][et_pb_text _builder_version=&#8221;3.27.4&#8243; text_font=&#8221;||||||||&#8221; header_font=&#8221;||||||||&#8221; header_2_font=&#8221;|800|||||||&#8221; header_2_text_align=&#8221;center&#8221; header_2_font_size=&#8221;50px&#8221; background_layout=&#8221;dark&#8221; custom_margin=&#8221;||20px|&#8221; header_2_font_size_tablet=&#8221;&#8221; header_2_font_size_phone=&#8221;30px&#8221; header_2_font_size_last_edited=&#8221;on|phone&#8221;]<\/p>\n<h2>K\u00e9rd\u00e9se van?<\/h2>\n<p>[\/et_pb_text][et_pb_divider color=&#8221;#e0cd00&#8243; divider_position=&#8221;center&#8221; divider_weight=&#8221;7px&#8221; _builder_version=&#8221;3.2&#8243; max_width=&#8221;15%&#8221; module_alignment=&#8221;center&#8221;][\/et_pb_divider][et_pb_text _builder_version=&#8221;3.27.4&#8243; text_font=&#8221;||||||||&#8221; text_font_size=&#8221;18px&#8221; text_line_height=&#8221;1.6em&#8221; text_orientation=&#8221;center&#8221; background_layout=&#8221;dark&#8221; max_width=&#8221;70%&#8221; max_width_tablet=&#8221;&#8221; max_width_phone=&#8221;&#8221; max_width_last_edited=&#8221;on|phone&#8221; module_alignment=&#8221;center&#8221;]<\/p>\n<p>\u00cdrjon nek\u00fcnk!<\/p>\n<p>[\/et_pb_text][et_pb_button button_url=&#8221;https:\/\/mountbleu.hu\/kapcsolat\/&#8221; button_text=&#8221;Kapcsolat&#8221; button_alignment=&#8221;center&#8221; _builder_version=&#8221;4.9.0&#8243; custom_button=&#8221;on&#8221; button_text_size=&#8221;18px&#8221; button_text_color=&#8221;#ffffff&#8221; button_bg_use_color_gradient=&#8221;on&#8221; button_bg_color_gradient_start=&#8221;#e0cd00&#8243; button_bg_color_gradient_end=&#8221;#d68e00&#8243; button_bg_color_gradient_direction=&#8221;135deg&#8221; button_border_width=&#8221;0px&#8221; button_border_radius=&#8221;42px&#8221; button_letter_spacing=&#8221;1px&#8221; button_font=&#8221;|700||on|||||&#8221; button_use_icon=&#8221;off&#8221; custom_padding=&#8221;|25px||25px&#8221; box_shadow_style=&#8221;preset1&#8243; box_shadow_blur=&#8221;35px&#8221; box_shadow_color=&#8221;rgba(0,0,0,0.38)&#8221; button_text_color_hover=&#8221;#1e5096&#8243; button_text_size__hover_enabled=&#8221;off&#8221; button_one_text_size__hover_enabled=&#8221;off&#8221; button_two_text_size__hover_enabled=&#8221;off&#8221; button_text_color__hover_enabled=&#8221;on&#8221; button_text_color__hover=&#8221;#1e5096&#8243; button_one_text_color__hover_enabled=&#8221;off&#8221; button_two_text_color__hover_enabled=&#8221;off&#8221; button_border_width__hover_enabled=&#8221;off&#8221; button_one_border_width__hover_enabled=&#8221;off&#8221; button_two_border_width__hover_enabled=&#8221;off&#8221; button_border_color__hover_enabled=&#8221;off&#8221; button_one_border_color__hover_enabled=&#8221;off&#8221; button_two_border_color__hover_enabled=&#8221;off&#8221; button_border_radius__hover_enabled=&#8221;off&#8221; button_one_border_radius__hover_enabled=&#8221;off&#8221; button_two_border_radius__hover_enabled=&#8221;off&#8221; button_letter_spacing__hover_enabled=&#8221;off&#8221; button_one_letter_spacing__hover_enabled=&#8221;off&#8221; button_two_letter_spacing__hover_enabled=&#8221;off&#8221; button_bg_color__hover_enabled=&#8221;off&#8221; button_one_bg_color__hover_enabled=&#8221;off&#8221; button_two_bg_color__hover_enabled=&#8221;off&#8221;] [\/et_pb_button][\/et_pb_column][\/et_pb_row][\/et_pb_section][et_pb_section fb_built=&#8221;1&#8243; _builder_version=&#8221;3.22&#8243; background_color=&#8221;#152d75&#8243; custom_padding=&#8221;0px|0px|0px|0px&#8221; top_divider_height=&#8221;0px&#8221; top_divider_flip=&#8221;vertical&#8221; bottom_divider_style=&#8221;curve&#8221; bottom_divider_color=&#8221;#082263&#8243; bottom_divider_height_tablet=&#8221;&#8221; bottom_divider_height_phone=&#8221;44px&#8221; bottom_divider_height_last_edited=&#8221;on|phone&#8221;][et_pb_row _builder_version=&#8221;3.25&#8243; custom_padding=&#8221;20px|0px|20px|0px&#8221; animation_style=&#8221;zoom&#8221;][et_pb_column type=&#8221;4_4&#8243; _builder_version=&#8221;3.25&#8243; custom_padding=&#8221;|||&#8221; custom_padding__hover=&#8221;|||&#8221;][\/et_pb_column][\/et_pb_row][\/et_pb_section]<\/p>","protected":false},"excerpt":{"rendered":"<p>K\u00e9rd\u00e9sekGYIKA felsz\u00e1mol\u00e1si elj\u00e1r\u00e1sok sor\u00e1n az 1%-os &#8211; minimum 5.000 Ft \u00e9s maximum 200.000 Ft &#8211; regisztr\u00e1ci\u00f3s d\u00edj az al\u00e1bbi sz\u00e1ml\u00e1kra fizetend\u0151 a felsz\u00e1mol\u00e1s al\u00e1 ker\u00fclt c\u00e9g megnevez\u00e9s\u00e9vel \u00e9s a b\u00edr\u00f3s\u00e1gi \u00fcgysz\u00e1m felt\u0171ntet\u00e9s\u00e9vel.Cs\u0151delj\u00e1r\u00e1s sor\u00e1n az 1%-os nyilv\u00e1ntart\u00e1sba v\u00e9teli d\u00edjat az al\u00e1bbi sz\u00e1mla sz\u00e1mra kell befizetni a cs\u0151delj\u00e1r\u00e1s al\u00e1 ker\u00fclt c\u00e9g \u00e9s a hitelez\u0151 nev\u00e9nek felt\u0171ntet\u00e9s\u00e9vel. Sz\u00e1mlasz\u00e1m:\u00a012042816-01730419-00100006 [&hellip;]<\/p>","protected":false},"author":1,"featured_media":0,"parent":0,"menu_order":0,"comment_status":"closed","ping_status":"closed","template":"","meta":{"_et_pb_use_builder":"on","_et_pb_old_content":"","_et_gb_content_width":"","footnotes":""},"class_list":["post-9239","page","type-page","status-publish","hentry"],"_links":{"self":[{"href":"https:\/\/mountbleu.hu\/de\/wp-json\/wp\/v2\/pages\/9239","targetHints":{"allow":["GET"]}}],"collection":[{"href":"https:\/\/mountbleu.hu\/de\/wp-json\/wp\/v2\/pages"}],"about":[{"href":"https:\/\/mountbleu.hu\/de\/wp-json\/wp\/v2\/types\/page"}],"author":[{"embeddable":true,"href":"https:\/\/mountbleu.hu\/de\/wp-json\/wp\/v2\/users\/1"}],"replies":[{"embeddable":true,"href":"https:\/\/mountbleu.hu\/de\/wp-json\/wp\/v2\/comments?post=9239"}],"version-history":[{"count":4,"href":"https:\/\/mountbleu.hu\/de\/wp-json\/wp\/v2\/pages\/9239\/revisions"}],"predecessor-version":[{"id":9420,"href":"https:\/\/mountbleu.hu\/de\/wp-json\/wp\/v2\/pages\/9239\/revisions\/9420"}],"wp:attachment":[{"href":"https:\/\/mountbleu.hu\/de\/wp-json\/wp\/v2\/media?parent=9239"}],"curies":[{"name":"wp","href":"https:\/\/api.w.org\/{rel}","templated":true}]}}