{"id":9078,"date":"2021-02-25T06:52:50","date_gmt":"2021-02-25T06:52:50","guid":{"rendered":"http:\/\/mountbleu.hu\/?page_id=9078"},"modified":"2024-07-04T12:53:41","modified_gmt":"2024-07-04T12:53:41","slug":"felhivasok","status":"publish","type":"page","link":"https:\/\/mountbleu.hu\/de\/felhivasok\/","title":{"rendered":"Forderungen, Aufrufe\u2028"},"content":{"rendered":"<p><strong>A Cstv. 63\/B. \u00a7 (1) bek. szerinti felh\u00edv\u00e1s<\/strong><\/p>\n\n\n\n<p>Hiermit teilen wir Ihnen mit, dass wir auf der Grundlage des Insolvenzgesetzes (Cstv. 63\/B.\u00a7) voraussichtlich die vereinfachte Verschluss des folgenden Liquidationsverfahrens einleiten werden.<\/p>\n\n\n\n<p>Wir bitten Sie, Wenn Sie Wissen von Verm\u00f6genswerten der Gesellschaft haben, die sich irgendwo in Liquidation befinden, sowie von Tatsachen, die eine Durchf\u00fchrung der Liquidation gem\u00e4\u00df den normalen Regeln erm\u00f6glichen w\u00fcrden, benachrichtigen Sie bitte den Liquidator innerhalb von 15 Tagen.<\/p>\n\n\n\n<p><\/p>\n\n\n\n<html>\n<head>\n<meta http-equiv=\"Content-Type\" content=\"text\/html; charset=utf-8\">\n<link rel=\"stylesheet\" type=\"text\/css\" href=\"efoki.css\">  \n<\/head>\n<body>\n<table width=\"100%\" bgcolor=\"#1e5096\" border=\"0\" cellspacing=\"0\" cellpadding=\"0\">\n  <tr>\n    <td height=\"40\"><span class=\"fejlec\"><div align=\"center\"><strong><font color=\"#FFFFFF\">Vereinfachte Verfahren<\/div><\/br><\/td>\n  <\/tr>\n<\/table>\n<div>\n<div style=\"height: 30px;\">\n<input type=\"text\" class=\"keressss\" id=\"kereso\" onkeyup=\"javascript: kereses();\" placeholder=\"Suche...\" \/>\n<\/div>\n<br \/>\n<div style=\"overflow-x: scroll;\">\n<div id=\"divPublicProceedingList\"><\/div>\n<\/div>\n<\/div>\n<script type=\"text\/javascript\" src=\"https:\/\/rendszer.efoki.hu\/Scripts\/publicpagemethods.js\"><\/script>\n<script type=\"text\/javascript\">\n\tGetDatas('EAAAADewzbER3H4xvY4v4BGoDE8Xe6sc7ncyYsTyqxP+O2Am', 1, 'proceedingType,proceedingName,proceedingClientHomeAddress,proceedingClientRegNumber,proceedingResponsibleName,companyMailAddress,proceedingDisclosure,proceedingFinish', 'https:\/\/rendszer.efoki.hu', 'proceedingDisclosure',true, '1,2,4,5,6','6935e8d6-876c-4b4d-9a73-c83989c3ace8','','')\n<\/script>\n<style>\n    tr:nth-child(even){\n    background-color: rgb(235,235,235);\n    }\n    table {\n        border-collapse: collapse;\n        border-spacing: 0;\n        border: 1px solid rgb(221,221,221);\t\n        font-family: Verdana, Arial, Helvetica, sans-serif;\n        font-size: 13px;\n    }\n    .keressss {\n    \tpadding: 12px 20px;\n        margin: 0;\n        box-sizing: border-box;\n    }\n<\/style>\n<\/body>\n<\/html>","protected":false},"excerpt":{"rendered":"<p>A Cstv. 63\/B. \u00a7 (1) bek. szerinti felh\u00edv\u00e1s Ez\u00faton t\u00e1j\u00e9koztatjuk \u00d6n\u00f6ket, hogy el\u0151rel\u00e1that\u00f3an az al\u00e1bbi felsz\u00e1mol\u00e1si elj\u00e1r\u00e1sok egyszer\u0171s\u00edtett m\u00f3don t\u00f6rt\u00e9n\u0151 lez\u00e1r\u00e1s\u00e1t kezdem\u00e9nyezz\u00fck a Cstv. 63\/B.\u00a7-a alapj\u00e1n. K\u00e9rj\u00fck, hogy amennyiben tudom\u00e1suk van a c\u00e9g b\u00e1rhol fellelhet\u0151, felsz\u00e1mol\u00e1sba bevonhat\u00f3 vagyon\u00e1r\u00f3l, valamint olyan t\u00e9nyr\u0151l, amely lehet\u0151v\u00e9 tenn\u00e9 a felsz\u00e1mol\u00e1s rendes szab\u00e1lyok szerinti lefolytat\u00e1s\u00e1t, azt 15 napon bel\u00fcl jelents\u00e9k [&hellip;]<\/p>","protected":false},"author":1,"featured_media":0,"parent":0,"menu_order":3,"comment_status":"closed","ping_status":"closed","template":"","meta":{"_et_pb_use_builder":"off","_et_pb_old_content":"","_et_gb_content_width":"","footnotes":""},"class_list":["post-9078","page","type-page","status-publish","hentry"],"_links":{"self":[{"href":"https:\/\/mountbleu.hu\/de\/wp-json\/wp\/v2\/pages\/9078","targetHints":{"allow":["GET"]}}],"collection":[{"href":"https:\/\/mountbleu.hu\/de\/wp-json\/wp\/v2\/pages"}],"about":[{"href":"https:\/\/mountbleu.hu\/de\/wp-json\/wp\/v2\/types\/page"}],"author":[{"embeddable":true,"href":"https:\/\/mountbleu.hu\/de\/wp-json\/wp\/v2\/users\/1"}],"replies":[{"embeddable":true,"href":"https:\/\/mountbleu.hu\/de\/wp-json\/wp\/v2\/comments?post=9078"}],"version-history":[{"count":10,"href":"https:\/\/mountbleu.hu\/de\/wp-json\/wp\/v2\/pages\/9078\/revisions"}],"predecessor-version":[{"id":9531,"href":"https:\/\/mountbleu.hu\/de\/wp-json\/wp\/v2\/pages\/9078\/revisions\/9531"}],"wp:attachment":[{"href":"https:\/\/mountbleu.hu\/de\/wp-json\/wp\/v2\/media?parent=9078"}],"curies":[{"name":"wp","href":"https:\/\/api.w.org\/{rel}","templated":true}]}}