{"id":9076,"date":"2021-02-25T06:52:34","date_gmt":"2021-02-25T06:52:34","guid":{"rendered":"http:\/\/mountbleu.hu\/?page_id=9076"},"modified":"2021-03-21T06:03:04","modified_gmt":"2021-03-21T06:03:04","slug":"eljarasok","status":"publish","type":"page","link":"https:\/\/mountbleu.hu\/de\/eljarasok\/","title":{"rendered":"Verfahren"},"content":{"rendered":"<p>Sehr geehrte Interessenten!<\/p>\n\n\n\n<p>Hiermit teilen wir Ihnen mit, dass Mountbleu Felsz\u00e1mol\u00f3 Kft. in folgendem Verfahren ernannt wurde:<\/p>\n\n\n\n<html>\n<head>\n<meta http-equiv=\"Content-Type\" content=\"text\/html; charset=utf-8\">\n<link rel=\"stylesheet\" type=\"text\/css\" href=\"efoki.css\">  \n<\/head>\n<body>\n<table width=\"100%\" bgcolor=\"#1e5096\" border=\"0\" cellspacing=\"0\" cellpadding=\"0\">\n  <tr>\n    <td height=\"40\"><span class=\"fejlec\"><div align=\"center\"><strong><font color=\"#FFFFFF\">Verfahren<\/div><\/br><\/td>\n  <\/tr>\n<\/table>\n<div>\n<div style=\"height: 30px;\">\n<input type=\"text\" class=\"keressss\" id=\"kereso\" onkeyup=\"javascript: kereses();\" placeholder=\"Suche...\" \/>\n<\/div>\n<br \/>\n<div style=\"overflow-x: scroll;\">\n<div id=\"divPublicProceedingList\"><\/div>\n<\/div>\n<\/div>\n<script type=\"text\/javascript\" src=\"https:\/\/rendszer.efoki.hu\/Scripts\/publicpagemethods.js\"><\/script>\n<script type=\"text\/javascript\">\n\tGetDatas('EAAAADewzbER3H4xvY4v4BGoDE8Xe6sc7ncyYsTyqxP+O2Am', 2, 'proceedingType,proceedingName,proceedingClientHomeAddress,proceedingClientRegNumber,proceedingResponsibleName,companyMailAddress,proceedingDisclosure,proceedingFinish', 'https:\/\/rendszer.efoki.hu', 'proceedingDisclosure',true, '1,2,4,5,6','6935e8d6-876c-4b4d-9a73-c83989c3ace8','','')\n<\/script>\n<style>\n    tr:nth-child(even){\n    background-color: rgb(235,235,235);\n    }\n    table {\n        border-collapse: collapse;\n        border-spacing: 0;\n        border: 1px solid rgb(221,221,221);\t\n        font-family: Verdana, Arial, Helvetica, sans-serif;\n        font-size: 13px;\n    }\n    .keressss {\n    \tpadding: 12px 20px;\n        margin: 0;\n        box-sizing: border-box;\n    }\n<\/style>\n<\/body>\n<\/html>","protected":false},"excerpt":{"rendered":"<p>Tisztelt \u00c9rdekl\u0151d\u0151k! Ez\u00faton t\u00e1j\u00e9koztatjuk \u00d6n\u00f6ket, hogy a Mountbleu Felsz\u00e1mol\u00f3 Kft. az al\u00e1bbi elj\u00e1r\u00e1sokban ker\u00fclt kinevez\u00e9sre. Elj\u00e1r\u00e1sok<\/p>","protected":false},"author":1,"featured_media":0,"parent":0,"menu_order":2,"comment_status":"closed","ping_status":"closed","template":"","meta":{"_et_pb_use_builder":"off","_et_pb_old_content":"<!-- wp:paragraph -->\n<p>Tisztelt \u00c9rdekl\u0151d\u0151k!<\/p>\n<!-- \/wp:paragraph -->\n\n<!-- wp:paragraph -->\n<p>Ez\u00faton t\u00e1j\u00e9koztatjuk \u00d6n\u00f6ket, hogy a Mountbleu Felsz\u00e1mol\u00f3 Kft. az al\u00e1bbi elj\u00e1r\u00e1sokban ker\u00fclt kinevez\u00e9sre.<\/p>\n<!-- \/wp:paragraph -->","_et_gb_content_width":"","footnotes":""},"class_list":["post-9076","page","type-page","status-publish","hentry"],"_links":{"self":[{"href":"https:\/\/mountbleu.hu\/de\/wp-json\/wp\/v2\/pages\/9076","targetHints":{"allow":["GET"]}}],"collection":[{"href":"https:\/\/mountbleu.hu\/de\/wp-json\/wp\/v2\/pages"}],"about":[{"href":"https:\/\/mountbleu.hu\/de\/wp-json\/wp\/v2\/types\/page"}],"author":[{"embeddable":true,"href":"https:\/\/mountbleu.hu\/de\/wp-json\/wp\/v2\/users\/1"}],"replies":[{"embeddable":true,"href":"https:\/\/mountbleu.hu\/de\/wp-json\/wp\/v2\/comments?post=9076"}],"version-history":[{"count":8,"href":"https:\/\/mountbleu.hu\/de\/wp-json\/wp\/v2\/pages\/9076\/revisions"}],"predecessor-version":[{"id":9438,"href":"https:\/\/mountbleu.hu\/de\/wp-json\/wp\/v2\/pages\/9076\/revisions\/9438"}],"wp:attachment":[{"href":"https:\/\/mountbleu.hu\/de\/wp-json\/wp\/v2\/media?parent=9076"}],"curies":[{"name":"wp","href":"https:\/\/api.w.org\/{rel}","templated":true}]}}